{"id":2893,"date":"2022-03-09T10:56:00","date_gmt":"2022-03-09T09:56:00","guid":{"rendered":"https:\/\/insit-projets.heig-vd.ch\/swiss-height-system\/?page_id=2893"},"modified":"2024-12-12T13:08:00","modified_gmt":"2024-12-12T12:08:00","slug":"aktuelles","status":"publish","type":"page","link":"https:\/\/swiss-height-system.heig-vd.ch\/?page_id=2893&lang=de","title":{"rendered":"Dokumente"},"content":{"rendered":"\n<h1 class=\"wp-block-heading\">Dokumente<\/h1>\n\n\n\n<h2 class=\"wp-block-heading\">2024<\/h2>\n\n\n\n<figure class=\"wp-block-table\"><table><tbody><tr><td>2024\/12<\/td><td>Bericht : <a href=\"https:\/\/swiss-height-system.heig-vd.ch\/wp-content\/uploads\/2024\/12\/RapportFinalSwissHeightSystem_v1-f.pdf\" data-type=\"attachment\" data-id=\"3715\">Schlussbericht des Projekts (auf franz\u00f6sisch)<\/a><\/td><\/tr><tr><td>2024\/12<\/td><td>Bericht : <a href=\"https:\/\/swiss-height-system.heig-vd.ch\/wp-content\/uploads\/2024\/12\/neuesschweizerhohensystem-report24-04-swisstopo-teil2-DE.pdf\" data-type=\"URL\" data-id=\"https:\/\/swiss-height-system.heig-vd.ch\/wp-content\/uploads\/2023\/03\/nouveausystemealtimetrique-report22-07-swisstopo-partie1-FR.pdf\" target=\"_blank\" rel=\"noreferrer noopener\">Publikation des zweiten Teils des Berichts der \u00abStudie zur Modernisierung des Schweizer H\u00f6henbezugssystems und -rahmens\u00bb<\/a><\/td><\/tr><tr><td>2024\/09<\/td><td>Vorstellung : <em>GGHS2024 Thessaloniki<\/em> <a href=\"https:\/\/swiss-height-system.heig-vd.ch\/wp-content\/uploads\/2024\/10\/GGHS24_presentation_swiss_height_system.pdf\" data-type=\"attachment\" data-id=\"3648\">Modernisation of the Swiss Vertical Reference Frame (auf Englisch)<\/a><\/td><\/tr><tr><td>2024\/05<\/td><td>Vorstellung :<em> GEOSummit 2024 <\/em> <a href=\"https:\/\/swiss-height-system.heig-vd.ch\/wp-content\/uploads\/2024\/05\/2024-05-15-GeoSummit.pdf\" data-type=\"attachment\" data-id=\"3546\" target=\"_blank\" rel=\"noreferrer noopener\">Neues H\u00f6hensystem der Schweiz : Einleitung, Stand, Roadmap<\/a><\/td><\/tr><\/tbody><\/table><\/figure>\n\n\n\n<h2 class=\"wp-block-heading\">2023<\/h2>\n\n\n\n<figure class=\"wp-block-table\"><table><tbody><tr><td>2023\/11<\/td><td>Vorstellung : <em>Swiss geoscience meeting 2023 Mendrisio<\/em> <a href=\"https:\/\/swiss-height-system.heig-vd.ch\/wp-content\/uploads\/2023\/11\/20231118_ModernisationCHVRS_SGM2023Mendisio_Presentation.pdf\" data-type=\"attachment\" data-id=\"3537\">Modernisation of the Swiss Vertical Reference System (auf Englisch)<\/a><br>Artikel : <em>Swiss geoscience meeting 2023 Mendrisio<\/em> <a href=\"https:\/\/swiss-height-system.heig-vd.ch\/wp-content\/uploads\/2023\/11\/20231118_ModernisationCHVRS_SGM2023Mendisio_Article.pdf\" data-type=\"attachment\" data-id=\"3537\">Modernisation of the Swiss Vertical Reference System (auf Englisch)<\/a><\/td><\/tr><tr><td>2023\/09<\/td><td>Bericht : <a href=\"https:\/\/swiss-height-system.heig-vd.ch\/wp-content\/uploads\/2023\/09\/bericht-ergebnisse-umfrage-de.pdf\" data-type=\"link\" data-id=\"https:\/\/swiss-height-system.heig-vd.ch\/wp-content\/uploads\/2023\/09\/bericht-ergebnisse-umfrage-de.pdf\">Ergebnisse der Umfrage \u00fcber die in der Schweiz verwendeten H\u00f6henangaben im Hinblick auf einen m\u00f6glichen Wechsel des H\u00f6henbezugssystems und -rahmens<\/a><\/td><\/tr><tr><td>2023\/01<\/td><td>Bericht : <a rel=\"noreferrer noopener\" href=\"https:\/\/swiss-height-system.heig-vd.ch\/wp-content\/uploads\/2023\/03\/neuesschweizerhohensystem-report22-07-swisstopo-teil1-DE.pdf\" data-type=\"URL\" data-id=\"https:\/\/swiss-height-system.heig-vd.ch\/wp-content\/uploads\/2023\/03\/nouveausystemealtimetrique-report22-07-swisstopo-partie1-FR.pdf\" target=\"_blank\">Publikation des ersten Teils des Berichts der \u00abStudie zur Modernisierung des Schweizer H\u00f6henbezugssystems und -rahmens\u00bb<\/a><\/td><\/tr><\/tbody><\/table><\/figure>\n\n\n\n<h2 class=\"wp-block-heading\">2022<\/h2>\n\n\n\n<figure class=\"wp-block-table\"><table><tbody><tr><td>2022\/11<\/td><td>Vorstellung : <a rel=\"noreferrer noopener\" href=\"https:\/\/swiss-height-system.heig-vd.ch\/wp-content\/uploads\/2022\/11\/INDG-21-04-CommissionGeodesiqueSuisse-11112022.pdf\" data-type=\"URL\" data-id=\"https:\/\/swiss-height-system.heig-vd.ch\/wp-content\/uploads\/2022\/11\/INDG-21-04-CommissionGeodesiqueSuisse-11112022.pdf\" target=\"_blank\">Vorstellung des Projekts bei der Schweizerischen Geod\u00e4tischen Kommission am 11. November 2022<\/a><\/td><\/tr><tr><td>2022\/08<\/td><td>Abstrakt : <a href=\"https:\/\/swiss-height-system.heig-vd.ch\/wp-content\/uploads\/2023\/03\/cadastre-39-2022-dt-extract-1.pdf\" data-type=\"attachment\" data-id=\"3388\" target=\"_blank\" rel=\"noreferrer noopener\">Ver\u00f6ffentlichung eines Artikels in der Fachzeitschrift \u00abcadastre\u00bb<\/a><\/td><\/tr><tr><td>2022\/02<\/td><td>Vorstellung : <a rel=\"noreferrer noopener\" href=\"https:\/\/swiss-height-system.heig-vd.ch\/wp-content\/uploads\/2022\/03\/presentation-veille-geom-v-site-09032022-1.pdf\" data-type=\"URL\" data-id=\"https:\/\/swiss-height-system.heig-vd.ch\/wp-content\/uploads\/2022\/03\/presentation-veille-geom-v-site-09032022-1.pdf\" target=\"_blank\">Teilnahme an der Veille g\u00e9omatique vom 8. Februar 2022<\/a> auf Franz\u00f6sisch<\/td><\/tr><\/tbody><\/table><\/figure>\n\n\n\n<p><\/p>\n","protected":false},"excerpt":{"rendered":"<p>Dokumente 2024 2024\/12 Bericht : Schlussbericht des Projekts (auf franz\u00f6sisch) 2024\/12 Bericht : Publikation des zweiten Teils des Berichts der \u00abStudie zur Modernisierung des Schweizer H\u00f6henbezugssystems und -rahmens\u00bb 2024\/09 Vorstellung : GGHS2024 Thessaloniki Modernisation of the Swiss Vertical Reference Frame (auf Englisch) 2024\/05 Vorstellung : GEOSummit 2024 Neues H\u00f6hensystem der Schweiz : Einleitung, Stand, Roadmap&#8230;<\/p>\n","protected":false},"author":1,"featured_media":0,"parent":0,"menu_order":0,"comment_status":"closed","ping_status":"closed","template":"","meta":{"_kadence_starter_templates_imported_post":false,"_kad_post_transparent":"","_kad_post_title":"","_kad_post_layout":"","_kad_post_sidebar_id":"","_kad_post_content_style":"","_kad_post_vertical_padding":"","_kad_post_feature":"","_kad_post_feature_position":"","_kad_post_header":false,"_kad_post_footer":false,"footnotes":""},"class_list":["post-2893","page","type-page","status-publish","hentry"],"_links":{"self":[{"href":"https:\/\/swiss-height-system.heig-vd.ch\/index.php?rest_route=\/wp\/v2\/pages\/2893","targetHints":{"allow":["GET"]}}],"collection":[{"href":"https:\/\/swiss-height-system.heig-vd.ch\/index.php?rest_route=\/wp\/v2\/pages"}],"about":[{"href":"https:\/\/swiss-height-system.heig-vd.ch\/index.php?rest_route=\/wp\/v2\/types\/page"}],"author":[{"embeddable":true,"href":"https:\/\/swiss-height-system.heig-vd.ch\/index.php?rest_route=\/wp\/v2\/users\/1"}],"replies":[{"embeddable":true,"href":"https:\/\/swiss-height-system.heig-vd.ch\/index.php?rest_route=%2Fwp%2Fv2%2Fcomments&post=2893"}],"version-history":[{"count":13,"href":"https:\/\/swiss-height-system.heig-vd.ch\/index.php?rest_route=\/wp\/v2\/pages\/2893\/revisions"}],"predecessor-version":[{"id":3718,"href":"https:\/\/swiss-height-system.heig-vd.ch\/index.php?rest_route=\/wp\/v2\/pages\/2893\/revisions\/3718"}],"wp:attachment":[{"href":"https:\/\/swiss-height-system.heig-vd.ch\/index.php?rest_route=%2Fwp%2Fv2%2Fmedia&parent=2893"}],"curies":[{"name":"wp","href":"https:\/\/api.w.org\/{rel}","templated":true}]}}