{"id":2901,"date":"2022-02-02T13:17:19","date_gmt":"2022-02-02T12:17:19","guid":{"rendered":"https:\/\/insit-projets.heig-vd.ch\/swiss-height-system\/?page_id=2901"},"modified":"2023-09-19T14:13:32","modified_gmt":"2023-09-19T12:13:32","slug":"umfrage","status":"publish","type":"page","link":"https:\/\/swiss-height-system.heig-vd.ch\/?page_id=2901&lang=de","title":{"rendered":"Umfrage"},"content":{"rendered":"\n<h1 class=\"wp-block-heading\">Umfrage zu den in der Schweiz verwendeten H\u00f6heninformationen<\/h1>\n\n\n\n<p class=\"has-medium-font-size\">Die Ergebnisse der Umfrage, die von Juli bis August 2022 lief, wurden verarbeitet und wir bedanken uns herzlich bei den 111 Teilnehmern.<\/p>\n\n\n\n<p class=\"has-medium-font-size\">Den Bericht mit den detaillierten Ergebnissen dieser Umfrage finden Sie unter dem nachfolgenden Link: <a href=\"https:\/\/swiss-height-system.heig-vd.ch\/wp-content\/uploads\/2023\/09\/bericht-ergebnisse-umfrage-de.pdf\">https:\/\/swiss-height-system.heig-vd.ch\/wp-content\/uploads\/2023\/09\/bericht-ergebnisse-umfrage-de.pdf<\/a><\/p>\n\n\n\n<p class=\"has-medium-font-size\">Die wichtigsten Ergebnisse dieser Umfrage sind folgende:<\/p>\n\n\n\n<ul class=\"wp-block-list\">\n<li class=\"has-medium-font-size\">\u00fcber 90% der verwendeten H\u00f6hengeodaten liegen in digitaler Form vor;<\/li>\n\n\n\n<li class=\"has-medium-font-size\">\u00fcber 90% der H\u00f6hengeodaten werden im offiziellen H\u00f6henbezugsrahmen NF02 verarbeitet und verwaltet;<\/li>\n\n\n\n<li class=\"has-medium-font-size\">etwa 40% der H\u00f6hengeodaten werden heute von globalen Ger\u00e4ten wie GNSS-Systemen erworben, eventuell aktualisiert und dann in den LN02-H\u00f6henbezugsrahmen \u00abdegradiert\u00bb;<\/li>\n\n\n\n<li class=\"has-medium-font-size\">f\u00fcr mehr als 80% der H\u00f6henprodukte ist eine H\u00f6hengenauigkeit von mehr als einem Zentimeter ausreichend \u2013 ein Wert, dessen Gr\u00f6ssenordnung der wahrscheinlichen H\u00f6hengenauigkeit von GNSS-Ger\u00e4ten in den n\u00e4chsten Jahren entspricht.<\/li>\n<\/ul>\n\n\n\n<p class=\"has-medium-font-size\">Die Ergebnisse dieser Umfrage best\u00e4tigen die Notwendigkeit weitere Untersuchungen im Zusammenhang mit einer Modernisierung des H\u00f6hensystems in der Schweiz in enger Zusammenarbeit mit dem Bundesamt f\u00fcr Landestopografie &#8211; swisstopo.<\/p>\n\n\n\n<div class=\"wp-block-cover aligncenter is-light\" style=\"min-height:214px;aspect-ratio:unset;\"><span aria-hidden=\"true\" class=\"wp-block-cover__background has-background-dim-30 has-background-dim\"><\/span><img loading=\"lazy\" decoding=\"async\" width=\"2560\" height=\"1054\" class=\"wp-block-cover__image-background wp-image-3234\" alt=\"\" src=\"https:\/\/swiss-height-system.heig-vd.ch\/wp-content\/uploads\/2022\/07\/GNSS-scaled.jpg\" style=\"object-position:52% 0%\" data-object-fit=\"cover\" data-object-position=\"52% 0%\" srcset=\"https:\/\/swiss-height-system.heig-vd.ch\/wp-content\/uploads\/2022\/07\/GNSS-scaled.jpg 2560w, https:\/\/swiss-height-system.heig-vd.ch\/wp-content\/uploads\/2022\/07\/GNSS-300x124.jpg 300w, https:\/\/swiss-height-system.heig-vd.ch\/wp-content\/uploads\/2022\/07\/GNSS-1024x422.jpg 1024w, https:\/\/swiss-height-system.heig-vd.ch\/wp-content\/uploads\/2022\/07\/GNSS-768x316.jpg 768w, https:\/\/swiss-height-system.heig-vd.ch\/wp-content\/uploads\/2022\/07\/GNSS-1536x632.jpg 1536w, https:\/\/swiss-height-system.heig-vd.ch\/wp-content\/uploads\/2022\/07\/GNSS-2048x843.jpg 2048w\" sizes=\"auto, (max-width: 2560px) 100vw, 2560px\" \/><div class=\"wp-block-cover__inner-container is-layout-flow wp-block-cover-is-layout-flow\">\n<p class=\"has-text-align-center has-theme-palette-8-color has-text-color has-large-font-size\">Wir bedanken uns herzlich bei den Teilnehmern!<\/p>\n<\/div><\/div>\n\n\n\n<div class=\"wp-block-group has-theme-palette-6-background-color has-background\"><div class=\"wp-block-group__inner-container is-layout-flow wp-block-group-is-layout-flow\">\n<p>Dokumente :<\/p>\n\n\n\n<div class=\"wp-block-file\"><a id=\"wp-block-file--media-e85ef4ee-b59a-49a7-87d2-7e9e3c24eb90\" href=\"https:\/\/swiss-height-system.heig-vd.ch\/wp-content\/uploads\/2022\/07\/umfrage-de-imp-20220706-1.pdf\" target=\"_blank\" rel=\"noreferrer noopener\">Fragen der Umfrage &gt;&gt;<\/a><a href=\"https:\/\/swiss-height-system.heig-vd.ch\/wp-content\/uploads\/2022\/07\/umfrage-de-imp-20220706-1.pdf\" class=\"wp-block-file__button wp-element-button\" download aria-describedby=\"wp-block-file--media-e85ef4ee-b59a-49a7-87d2-7e9e3c24eb90\">Download<\/a><\/div>\n<\/div><\/div>\n","protected":false},"excerpt":{"rendered":"<p>Umfrage zu den in der Schweiz verwendeten H\u00f6heninformationen Die Ergebnisse der Umfrage, die von Juli bis August 2022 lief, wurden verarbeitet und wir bedanken uns herzlich bei den 111 Teilnehmern. Den Bericht mit den detaillierten Ergebnissen dieser Umfrage finden Sie unter dem nachfolgenden Link: https:\/\/swiss-height-system.heig-vd.ch\/wp-content\/uploads\/2023\/09\/bericht-ergebnisse-umfrage-de.pdf Die wichtigsten Ergebnisse dieser Umfrage sind folgende: Die Ergebnisse dieser&#8230;<\/p>\n","protected":false},"author":1,"featured_media":0,"parent":0,"menu_order":0,"comment_status":"closed","ping_status":"closed","template":"","meta":{"_kadence_starter_templates_imported_post":false,"_kad_post_transparent":"","_kad_post_title":"","_kad_post_layout":"","_kad_post_sidebar_id":"","_kad_post_content_style":"","_kad_post_vertical_padding":"","_kad_post_feature":"","_kad_post_feature_position":"","_kad_post_header":false,"_kad_post_footer":false,"footnotes":""},"class_list":["post-2901","page","type-page","status-publish","hentry"],"_links":{"self":[{"href":"https:\/\/swiss-height-system.heig-vd.ch\/index.php?rest_route=\/wp\/v2\/pages\/2901","targetHints":{"allow":["GET"]}}],"collection":[{"href":"https:\/\/swiss-height-system.heig-vd.ch\/index.php?rest_route=\/wp\/v2\/pages"}],"about":[{"href":"https:\/\/swiss-height-system.heig-vd.ch\/index.php?rest_route=\/wp\/v2\/types\/page"}],"author":[{"embeddable":true,"href":"https:\/\/swiss-height-system.heig-vd.ch\/index.php?rest_route=\/wp\/v2\/users\/1"}],"replies":[{"embeddable":true,"href":"https:\/\/swiss-height-system.heig-vd.ch\/index.php?rest_route=%2Fwp%2Fv2%2Fcomments&post=2901"}],"version-history":[{"count":19,"href":"https:\/\/swiss-height-system.heig-vd.ch\/index.php?rest_route=\/wp\/v2\/pages\/2901\/revisions"}],"predecessor-version":[{"id":3494,"href":"https:\/\/swiss-height-system.heig-vd.ch\/index.php?rest_route=\/wp\/v2\/pages\/2901\/revisions\/3494"}],"wp:attachment":[{"href":"https:\/\/swiss-height-system.heig-vd.ch\/index.php?rest_route=%2Fwp%2Fv2%2Fmedia&parent=2901"}],"curies":[{"name":"wp","href":"https:\/\/api.w.org\/{rel}","templated":true}]}}